{"id":65,"date":"2020-05-03T11:23:49","date_gmt":"2020-05-03T09:23:49","guid":{"rendered":"http:\/\/www.bellanova.at\/?page_id=65"},"modified":"2022-10-23T10:08:20","modified_gmt":"2022-10-23T08:08:20","slug":"zimmer","status":"publish","type":"page","link":"https:\/\/www.bellanova.at\/en\/zimmer\/","title":{"rendered":"Rooms"},"content":{"rendered":"<p><a href=\"http:\/\/www.bellanova.at\/en\/zimmer-3\/\">Room 3 for 2-3 persons<\/a><\/p>\n\n\n\n<p><a href=\"http:\/\/www.bellanova.at\/en\/zimmer-6\/\">Room 6 for 2 persons<\/a><\/p>\n\n\n\n<p><a href=\"http:\/\/www.bellanova.at\/en\/zimmer-8-fur-2-personen\/\">Room 8 for 2 persons<\/a><\/p>","protected":false},"excerpt":{"rendered":"<p>Zimmer 3 f\u00fcr 2-3 Personen Zimmer 6 f\u00fcr 2 Personen Zimmer 8 f\u00fcr 2 Personen<\/p>","protected":false},"author":1,"featured_media":0,"parent":0,"menu_order":0,"comment_status":"closed","ping_status":"closed","template":"","meta":{"footnotes":""},"class_list":["post-65","page","type-page","status-publish","hentry"],"_links":{"self":[{"href":"https:\/\/www.bellanova.at\/en\/wp-json\/wp\/v2\/pages\/65","targetHints":{"allow":["GET"]}}],"collection":[{"href":"https:\/\/www.bellanova.at\/en\/wp-json\/wp\/v2\/pages"}],"about":[{"href":"https:\/\/www.bellanova.at\/en\/wp-json\/wp\/v2\/types\/page"}],"author":[{"embeddable":true,"href":"https:\/\/www.bellanova.at\/en\/wp-json\/wp\/v2\/users\/1"}],"replies":[{"embeddable":true,"href":"https:\/\/www.bellanova.at\/en\/wp-json\/wp\/v2\/comments?post=65"}],"version-history":[{"count":17,"href":"https:\/\/www.bellanova.at\/en\/wp-json\/wp\/v2\/pages\/65\/revisions"}],"predecessor-version":[{"id":565,"href":"https:\/\/www.bellanova.at\/en\/wp-json\/wp\/v2\/pages\/65\/revisions\/565"}],"wp:attachment":[{"href":"https:\/\/www.bellanova.at\/en\/wp-json\/wp\/v2\/media?parent=65"}],"curies":[{"name":"wp","href":"https:\/\/api.w.org\/{rel}","templated":true}]}}