{"id":12,"date":"2020-05-03T09:10:23","date_gmt":"2020-05-03T07:10:23","guid":{"rendered":"http:\/\/www.bellanova.at\/?page_id=12"},"modified":"2022-03-06T19:10:12","modified_gmt":"2022-03-06T18:10:12","slug":"herzlich-willkommen","status":"publish","type":"page","link":"https:\/\/www.bellanova.at\/en\/","title":{"rendered":"A warm welcome"},"content":{"rendered":"<p><\/p>\n\n\n\n<p><strong>A WARM WELCOME<\/strong><\/p>\n\n\n\n<p>Enjoy fantastic holidays with accommodation in beautiful and cosy apartments and rooms.<br>Our house is situated in Mathon, a district of Ischgl.<\/p>\n\n\n\n<p>The Apart Bella Nova features holiday apartments, double and triple bedrooms, breakfast room, heated ski and boot storage room as well as sufficient parking facilities on the doorstep.<br>All bedrooms are equipped with radio, digital sat-TV and safe; the kitchens feature a dishwasher and microwave.<\/p>\n\n\n\n<p>Holders of a valid ski pass enjoy free use of the ski shuttle service running to the cableways in Ischgl in short intervals in the morning and going back in the evening.<br><strong><br>The bus stop is approx. 50 m from our house.<br><br><\/strong>It would be a pleasure to welcome you to Apart Bella Nova.<\/p>\n\n\n\n<div class=\"wp-block-buttons is-layout-flex wp-block-buttons-is-layout-flex\"><\/div>\n\n\n\n<figure class=\"wp-block-image size-large\"><img loading=\"lazy\" decoding=\"async\" width=\"500\" height=\"139\" src=\"http:\/\/www.bellanova.at\/wp-content\/uploads\/2020\/05\/wlanundischgl.png\" alt=\"\" class=\"wp-image-372\" srcset=\"https:\/\/www.bellanova.at\/wp-content\/uploads\/2020\/05\/wlanundischgl.png 500w, https:\/\/www.bellanova.at\/wp-content\/uploads\/2020\/05\/wlanundischgl-300x83.png 300w\" sizes=\"auto, (max-width: 500px) 100vw, 500px\" \/><\/figure>","protected":false},"excerpt":{"rendered":"<p>HERZLICH WILLKOMMEN Genie\u00dfen Sie einen traumhaften Urlaub in unseren gem\u00fctlichen und sch\u00f6nen Apartments und Zimmern.Unser Haus liegt in&nbsp;Mathon&nbsp;einem Ortsteil von Ischgl. Das Apart Bella Nova verf\u00fcgt \u00fcber Ferienwohnungen, Doppel- und Dreibettzimmer, Fr\u00fchst\u00fccksraum, beheiztem Ski- und Schuhraum sowie gen\u00fcgend Parkpl\u00e4tze direkt vor unserem Haus.Alle Schlafzimmer sind mit Radio, Digital SAT-TV und<\/p>","protected":false},"author":1,"featured_media":0,"parent":0,"menu_order":0,"comment_status":"closed","ping_status":"closed","template":"","meta":{"footnotes":""},"class_list":["post-12","page","type-page","status-publish","hentry"],"_links":{"self":[{"href":"https:\/\/www.bellanova.at\/en\/wp-json\/wp\/v2\/pages\/12","targetHints":{"allow":["GET"]}}],"collection":[{"href":"https:\/\/www.bellanova.at\/en\/wp-json\/wp\/v2\/pages"}],"about":[{"href":"https:\/\/www.bellanova.at\/en\/wp-json\/wp\/v2\/types\/page"}],"author":[{"embeddable":true,"href":"https:\/\/www.bellanova.at\/en\/wp-json\/wp\/v2\/users\/1"}],"replies":[{"embeddable":true,"href":"https:\/\/www.bellanova.at\/en\/wp-json\/wp\/v2\/comments?post=12"}],"version-history":[{"count":17,"href":"https:\/\/www.bellanova.at\/en\/wp-json\/wp\/v2\/pages\/12\/revisions"}],"predecessor-version":[{"id":514,"href":"https:\/\/www.bellanova.at\/en\/wp-json\/wp\/v2\/pages\/12\/revisions\/514"}],"wp:attachment":[{"href":"https:\/\/www.bellanova.at\/en\/wp-json\/wp\/v2\/media?parent=12"}],"curies":[{"name":"wp","href":"https:\/\/api.w.org\/{rel}","templated":true}]}}