{"id":62,"date":"2020-05-03T11:23:16","date_gmt":"2020-05-03T09:23:16","guid":{"rendered":"http:\/\/www.bellanova.at\/?page_id=62"},"modified":"2024-01-07T17:02:45","modified_gmt":"2024-01-07T16:02:45","slug":"wohnungen","status":"publish","type":"page","link":"http:\/\/www.bellanova.at\/en\/wohnungen\/","title":{"rendered":"Apartments"},"content":{"rendered":"<div class=\"wp-block-themeisle-blocks-advanced-columns has-1-columns has-desktop-equal-layout has-tablet-equal-layout has-mobile-equal-layout has-default-gap has-vertical-unset\" id=\"wp-block-themeisle-blocks-advanced-columns-8496a72d\"><div class=\"wp-block-themeisle-blocks-advanced-columns-overlay\"><\/div><div class=\"innerblocks-wrap\">\n<div class=\"wp-block-themeisle-blocks-advanced-column\" id=\"wp-block-themeisle-blocks-advanced-column-2cb2f2b7\"><\/div>\n<\/div><\/div>\n\n\n\n<p><a href=\"http:\/\/www.bellanova.at\/en\/wohnung-1-fur-2-personen\/\">Apartment Nr. 1 for 2 persons<\/a><\/p>\n\n\n\n<p><a href=\"http:\/\/www.bellanova.at\/en\/wohnung-2-fur-2-personen\/\">Apartment Nr. 2 for 2 persons<\/a><\/p>\n\n\n\n<p><a href=\"http:\/\/www.bellanova.at\/en\/wohnung-4-fur-4-personen\/\">Apartment Nr. 4 for 4 persons<\/a><\/p>\n\n\n\n<p><a href=\"http:\/\/www.bellanova.at\/en\/wohnung-5-fu-2-4-personen\/\">Wohnung 5 f\u00fcr 2 &#8211; 4 Personen<\/a><\/p>\n\n\n\n<p><a href=\"http:\/\/www.bellanova.at\/en\/wohnung-7-fur-2-3-personen\/\">Apartment Nr. 7 for 2-3 persons<\/a><\/p>\n\n\n\n<p>We do not allow pets.<\/p>","protected":false},"excerpt":{"rendered":"<p>Wohnung 1 f\u00fcr 2 Personen Wohnung 2 f\u00fcr 2 Personen Wohnung 4 f\u00fcr 4 Personen Wohnung 5 f\u00fcr 2 &#8211; 4 Personen Wohnung 7 f\u00fcr 2-3 Personen Bei uns sind keine Haustier erlaubt.<\/p>","protected":false},"author":1,"featured_media":0,"parent":0,"menu_order":0,"comment_status":"closed","ping_status":"closed","template":"","meta":{"footnotes":""},"class_list":["post-62","page","type-page","status-publish","hentry"],"_links":{"self":[{"href":"http:\/\/www.bellanova.at\/en\/wp-json\/wp\/v2\/pages\/62","targetHints":{"allow":["GET"]}}],"collection":[{"href":"http:\/\/www.bellanova.at\/en\/wp-json\/wp\/v2\/pages"}],"about":[{"href":"http:\/\/www.bellanova.at\/en\/wp-json\/wp\/v2\/types\/page"}],"author":[{"embeddable":true,"href":"http:\/\/www.bellanova.at\/en\/wp-json\/wp\/v2\/users\/1"}],"replies":[{"embeddable":true,"href":"http:\/\/www.bellanova.at\/en\/wp-json\/wp\/v2\/comments?post=62"}],"version-history":[{"count":7,"href":"http:\/\/www.bellanova.at\/en\/wp-json\/wp\/v2\/pages\/62\/revisions"}],"predecessor-version":[{"id":604,"href":"http:\/\/www.bellanova.at\/en\/wp-json\/wp\/v2\/pages\/62\/revisions\/604"}],"wp:attachment":[{"href":"http:\/\/www.bellanova.at\/en\/wp-json\/wp\/v2\/media?parent=62"}],"curies":[{"name":"wp","href":"https:\/\/api.w.org\/{rel}","templated":true}]}}