{"id":3,"date":"2020-05-03T09:00:59","date_gmt":"2020-05-03T07:00:59","guid":{"rendered":"http:\/\/www.bellanova.at\/?page_id=3"},"modified":"2020-05-09T18:23:58","modified_gmt":"2020-05-09T16:23:58","slug":"datenschutzerklaerung","status":"publish","type":"page","link":"http:\/\/www.bellanova.at\/en\/datenschutzerklaerung\/","title":{"rendered":"Data protection"},"content":{"rendered":"<h2 class=\"wp-block-heading\"><strong>DATA PROTECION ONLY AVAILABLE IN GERMAN<\/strong><\/h2>\n\n\n\n<p>Apart Bella Nova, Kleinheinz Christine, Silvrettastra\u00dfe 61<br>Sitz: Mathon, UID ATU59571555<\/p>\n\n\n\n<p><strong>Wir verwenden folgende Daten, wenn Sie mit uns einen\nVertrag abschlie\u00dfen<\/strong><\/p>\n\n\n\n<p><strong>Stammdaten<\/strong>:<\/p>\n\n\n\n<p>Familien- und Vorname, vollst\u00e4ndige Adresse, s\u00e4mtliche Kontaktinformationen\n(z.B. E-Mail-Adresse, Telefonnummer), Informationen \u00fcber Art und Inhalt unseres\nVertragsverh\u00e4ltnisses.<\/p>\n\n\n\n<p><strong>Sonstige\npersonenbezogene Daten<\/strong>, welche\nSie oder Dritte uns mit Ihrem Einverst\u00e4ndnis oder sonst zul\u00e4ssigerweise bei der\nVertragsanbahnung, w\u00e4hrend des Vertragsverh\u00e4ltnisses (z.B. zur Ausstellung\neiner G\u00e4stekarte) bzw. zur Erf\u00fcllung gesetzlicher Verpflichtungen zur Verf\u00fcgung\nstellen:<\/p>\n\n\n\n<p>Geburtsdatum bzw. Alter, Familienstand, Geschlecht, Beruf,\nAusweisdaten, Bankverbindung, Zeichnungs- oder Vertretungsbefugnis,\nVertragsbindung, K\u00fcndigungs-\/Stornofristen oder weitere Informationen zu Ihrer Person,\nwelche Sie uns selbst bekanntgegeben haben.<\/p>\n\n\n\n<p><strong>Heranziehen von Auftragsverarbeitern<\/strong><\/p>\n\n\n\n<p>Der Schutz Ihrer Daten ist uns wichtig. Selbst wenn wir uns eines Auftragsverarbeiters (feratel media technologies AG) bedienen, achten wir darauf, dass die Auftragsverarbeitung innerhalb der Europ\u00e4ischen Union erfolgt. <br><br><strong>1. Meldepflicht<\/strong><br>Sie sind nach dem \u00f6sterreichischen Meldegesetz verpflichtet, sich bei uns mit den in \u00a7&nbsp;5 und \u00a7&nbsp;10 Meldegesetz genannten Daten anzumelden. Die betrifft folgende Daten: <\/p>\n\n\n\n<p><em>Name,\nGeburtsdatum, Geschlecht, Staatsangeh\u00f6rigkeit, Herkunftsland, Adresse samt\nPostleitzahl und \u2013 bei ausl\u00e4ndischen G\u00e4sten \u2013 Art, Nummer, Ausstellungsraum\nsowie ausstellende Beh\u00f6rde eines Reisedokumentes sowie das Datum der Ankunft\nund der Abreise.<\/em><\/p>\n\n\n\n<p><strong>1.2. G\u00e4steverzeichnis<\/strong><\/p>\n\n\n\n<p>Wir werden diese Daten aufgrund der uns auferlegten\ngesetzlichen Verpflichtung gem\u00e4\u00df \u00a7 19 Meldegesetz-Durchf\u00fchrungs-Verordnung in\neinem G\u00e4steverzeichnis f\u00fchren und f\u00fcr die Dauer von 7 (sieben) Jahren\nspeichern, soweit sie nicht f\u00fcr andere Zwecke, die in dieser\nDatenschutzerkl\u00e4rung genannt sind, l\u00e4nger verarbeitet werden.<\/p>\n\n\n\n<p><strong>1.3.\nWeitergabe von Daten<\/strong><\/p>\n\n\n\n<p>Die Datenkategorien \u201eAnkunft\u201c, \u201eAbreise\u201c verkn\u00fcpft mit\nHerkunftsland werden gem\u00e4\u00df \u00a7 6 Tourismus-Statistik-Verordnung an die Gemeinde,\nin dem sich unser Beherbergungsbetrieb befindet, weitergeleitet. Dem Tourismusverband\nPaznaun-Ischgl dem wir angeh\u00f6ren, und\/oder der Gemeinde sind auch aggregierte\nDaten \u00fcber Anzahl der N\u00e4chtigungen insgesamt und der Personen, die zur Zahlung\nder Aufenthaltsabgabe verpflichtet sind, zu \u00fcbermitteln. Dies geschieht auf\nGrundlage des \u00a7 9 Tiroler Aufenthalts\u00adabgabegesetz.<\/p>\n\n\n\n<p><strong>1.4. Rechtsgrundlage\nder Verarbeitungen<\/strong><\/p>\n\n\n\n<p>Die Verarbeitungen gem\u00e4\u00df den obigen Punkten 1.1 bis 1.3\nbasieren auf Art. 6 Abs. 1 lit. c DSGVO (Erf\u00fcllung rechtlicher Verpflichtung).<\/p>\n\n\n\n<p><strong>1.5.\nZus\u00e4tzliche Daten\u00fcbermittlung an TVB\/Gemeinde<\/strong><\/p>\n\n\n\n<p>Zus\u00e4tzlich leiten wir ihre Postleitzahl und ihr Geburtsjahr (in pseudonymisierter bzw. anonymisierter Form) f\u00fcr statistische Zwecke zur Erstellung und Auswertung von Herkunfts- und Alters-Statistiken durch den Tourismusverband an unsere Gemeinde und unseren TVB weiter. Diese Weiterleitung beruht auf Art. 6 Abs. 1 lit e (Aufgabe im \u00f6ffentlichen Interesse) und lit f (\u00fcberwiegende berechtigte Interessen) DSGVO. Sie k\u00f6nnen dagegen jederzeit Widerspruch, aus Gr\u00fcnden, die sich aus ihrer besonderen Situation ergeben (Art. 21 Abs 1 DSGVO), einlegen.<\/p>\n\n\n\n<p><strong>2. G\u00e4stekarte<br>2.1 Allgemeines<\/strong><br>Sie haben die M\u00f6glichkeit, eine G\u00e4stekarte in Anspruch zu nehmen. Die G\u00e4stekarte gew\u00e4hrt Ihnen Verg\u00fcnstigungen und\/oder Leistungen bei verschiedenen Unternehmen in der Region (z.B. verg\u00fcnstigte Eintritte). Die G\u00e4stekarte ist f\u00fcr den Zeitraum Ihres Aufenthaltes bei uns g\u00fcltig.<\/p>\n\n\n\n<p><strong>2.2. Ausstellen der G\u00e4stekarte<\/strong><br>Die G\u00e4stekarte wird vom Unterkunftgeber nur auf Ihren Wunsch ausgestellt und ausgegeben. Sie wird je nach dem vom TVB und\/oder dem Beherbergungsbetrieb eingesetztem G\u00e4stekarten-System entweder in Form <\/p>\n\n\n\n<ul class=\"wp-block-list\"><li>einer elektronisch generierten G\u00e4stekarte, <\/li><li>einer h\u00e4ndisch erstellten G\u00e4stekarte oder<\/li><li>des Durchschlags des Meldezettels<\/li><\/ul>\n\n\n\n<p><strong>2.3. Verarbeitete\npersonenbezogene Daten<\/strong><\/p>\n\n\n\n<p>Sowohl f\u00fcr die elektronisch generierte als auch die\nh\u00e4ndisch erstellte G\u00e4stekarte&nbsp; werden\nfolgende personenbezogene Daten, die aus den Meldedaten (siehe oben Punkt 1)\nermittelt werden, verarbeitet: <\/p>\n\n\n\n<p>Vorname, Nachname, Geburtsdatum und Dauer des Aufenthalts (Ankunft\/Abreise),\nHerkunftsland, Postleitzahl.<\/p>\n\n\n\n<p>Wird die G\u00e4stekarte in Form des \u201eMeldezettels\u201c\nausgestellt, enth\u00e4lt dieser den Inhalt laut \u00a7 5 iVm \u00a7 9 Meldegesetz (siehe dazu\noben Punkt \u201eMeldedaten\u201c 1.1). In diesem Fall erfolgt keine elektronische\nVerarbeitung zu Zwecken der G\u00e4stekarte.<\/p>\n\n\n\n<p>Bei Verwendung der G\u00e4stekarte werden zus\u00e4tzlich folgende\npersonenbezogenen Daten verarbeitet: Daten \u00fcber den Nutzungszyklus der\njeweiligen Karte, Leistungsnutzung, Buchungen, Transaktionslogging, Abrechnungsdaten,\nReferenz zu den Meldedaten und dem Beherbergungsbetrieb. <\/p>\n\n\n\n<p>Die Daten sind erforderlich, um einerseits eine\nIdentit\u00e4tsfeststellung und andererseits die G\u00fcltigkeitsdauer der G\u00e4stekarte\nbeim jeweiligen Leistungstr\u00e4ger zu ermitteln und um die Abrechnung der Verg\u00fcnstigungen\nzwischen Leistungserbringern, dem TVB und allenfalls den Beherbergungsbetrieben\nzu erm\u00f6glichen.<\/p>\n\n\n\n<p><strong>2.4. Rechtsgrundlage\nder Verarbeitungen<\/strong><\/p>\n\n\n\n<p>Die Verarbeitung der Daten f\u00fcr Zwecke der G\u00e4stekarte\nerfolgt entweder aufgrund Ihrer Einwilligung (Art. 6 Abs 1 lit a DSGVO) oder,\nsofern die G\u00e4stekarte Teil der Leistungserbringung im Rahmen des\nBeherbergungsvertrages ist, zu Zwecken der Vertragserf\u00fcllung (Art. 6 Abs 1 lit\nb DSGVO).<\/p>\n\n\n\n<p>Eine Einwilligung kann von Ihnen jederzeit m\u00fcndlich gegen\u00fcber\ndem Unterkunftgeber oder schriftlich an die E-Mail-Adresse info@monika-ischgl.at\nwiderrufen werden.<\/p>\n\n\n\n<p><strong>2.5. Betrieb des G\u00e4stekarten-Systems<\/strong><\/p>\n\n\n\n<p>Das G\u00e4stekartensystem wird vom\n\u00f6rtlichen Tourismusverband (\u201eTVB\u201c) betrieben. Weiters sind \u00f6rtliche Beherbergungsbetriebe\nund \u00f6rtliche Unternehmen (\u201eLeistungserbringer\u201c) beteiligt.<\/p>\n\n\n\n<p>Die Daten, welche f\u00fcr die\nG\u00e4stekarte verarbeitet werden, werden nach 48 (vierzigacht) Monaten gel\u00f6scht.<\/p>\n\n\n\n<p><strong>2.6. Empf\u00e4nger der Daten<\/strong><\/p>\n\n\n\n<p>Die f\u00fcr Zwecke der G\u00e4stekarte\nverarbeiteten Daten erh\u00e4lt der \u00f6rtliche TVB f\u00fcr Zwecke der Abrechnung gegen\u00fcber\nden Leistungserbringern und\/oder Beherbergungsbetrieben.<\/p>\n\n\n\n<p>Die einzelnen\nLeistungserbringer, die aufgrund der G\u00e4stekarte verg\u00fcnstigte Leistungen\ngew\u00e4hren, erhalten die Daten ebenfalls, soweit Sie diesen Unternehmern\ngegen\u00fcber die G\u00e4stekarten-Leistungen in Anspruch nehmen. <\/p>\n\n\n\n<p>Sie m\u00fcssen zur Inanspruchnahme\nvon Verg\u00fcnstigungen die jeweilige G\u00e4stekarte, auf welcher die Daten abgebildet\nsind, dem Leistungserbringer vorweisen und somit selbst offen legen. Der\nUnternehmer pr\u00fcft sodann, in der Regel durch Ablesen des Barcodes auf der\nG\u00e4stekarte und durch \u00dcbermittlung der Barcode-Daten an unseren\nIT-Auftragsverarbeiter, ob diese (noch) g\u00fcltig ist. Dabei werden auch\npersonenbezogene Daten an den Unternehmer \u00fcbermittelt, insbesondere auch Ihre\nIdentit\u00e4tsdaten (zur \u00dcberpr\u00fcfung der Identit\u00e4t und des Geburtsdatums).<\/p>\n\n\n\n<p>Sollte die G\u00e4stekarte in Form des \u201eMeldezettels\u201c ausgestellt sein, pr\u00fcft er die G\u00fcltigkeit anhand des Durchschlages des \u201eMeldezettels\u201c.<br><br><strong>3. Sonstige Verarbeitung Ihrer Daten<\/strong><\/p>\n\n\n\n<p>Grunds\u00e4tzlich verarbeiten wir nur jene Daten, welche f\u00fcr den Vertragsabschluss bzw. f\u00fcr die Vertragserf\u00fcllung unbedingt erforderlich sind. Sofern Sie uns auch eine entsprechende Einwilligung erteilt haben, verarbeiten wir Ihre Daten dahingehend, dass wir Ihnen bis auf Widerruf Informationen \u00fcber unsere Serviceleistungen zukommen lassen. Dabei nutzen wir folgende Kommunikationskan\u00e4le, sofern Sie uns diese genannt haben: Telefon, E-Mail, SMS, Post oder Social-Media-Kan\u00e4le.<\/p>\n\n\n\n<p><strong>4. Datenl\u00f6schung<\/strong><br>Ihre Stammdaten und sonstigen personenbezogenen Daten werden gel\u00f6scht, wenn diese f\u00fcr die Erf\u00fcllung des mit der Speicherung verfolgten Zweckes nicht mehr erforderlich sind \u2013 in der Regel nach 7 (sieben) Jahren \u2013 oder wenn die Speicherung aus gesetzlichen Gr\u00fcnden unzul\u00e4ssig wird.<\/p>\n\n\n\n<p>Anstatt einer L\u00f6schung kann auch eine Anonymisierung der\nDaten vorgenommen werden, was bedeutet, dass jeglicher Personenbezug unwiederbringlich\nentfernt wird.<\/p>\n\n\n\n<p><strong>5. Cookies<\/strong><br>Unsere Website verwendet so genannte Cookies. Dabei handelt es sich um kleine Textdateien, die mit Hilfe des Browsers auf Ihrem Endger\u00e4t abgelegt werden. Sie richten keinen Schaden an. <\/p>\n\n\n\n<p>Wir nutzen Cookies dazu, unser Angebot nutzerfreundlich zu\ngestalten. Einige Cookies bleiben auf Ihrem Endger\u00e4t gespeichert, bis Sie diese\nl\u00f6schen. Sie erm\u00f6glichen es uns, Ihren Browser beim n\u00e4chsten Besuch\nwiederzuerkennen.<\/p>\n\n\n\n<p>Wenn Sie dies nicht w\u00fcnschen, so k\u00f6nnen Sie Ihren Browser\nso einrichten, dass er Sie \u00fcber das Setzen von Cookies informiert und Sie dies\nnur im Einzelfall erlauben. <\/p>\n\n\n\n<p>Bei der Deaktivierung von Cookies kann die Funktionalit\u00e4t unserer Website eingeschr\u00e4nkt sein.<br><br><strong>7. Folgende Rechte k\u00f6nnen Sie im Hinblick auf die Verarbeitung Ihrer Daten geltend machen:<\/strong><br><br><strong>7.1 Auskunftsrecht: <\/strong><br>Sie haben das Recht von uns zu erfahren, ob und in welchem Ausma\u00df wir Ihre Daten verarbeiten.<br><strong>Kontakt \/ Verantwortlicher:<\/strong><br>Kleinheinz Christine, E-Mail: info@bellanova.at, Tel.: 05444 \/ 50074<\/p>\n\n\n\n<p><strong>7.2 Ihre Rechte<\/strong><br>Ihnen stehen grunds\u00e4tzlich die Rechte auf Auskunft, Berichtigung, L\u00f6schung, Einschr\u00e4nkung, Daten\u00fcbertragbarkeit, Widerruf und Widerspruch zu. Wenn Sie glauben, dass die Verarbeitung Ihrer Daten gegen das Datenschutzrecht verst\u00f6\u00dft oder Ihre datenschutzrechtlichen Anspr\u00fcche sonst in einer Weise verletzt worden sind, k\u00f6nnen Sie sich bei der Aufsichtsbeh\u00f6rde beschweren. In \u00d6sterreich ist dies die Datenschutzbeh\u00f6rde.<br><br><strong>7.3 Beschwerderecht:<\/strong><br>Verst\u00f6\u00dft Ihres Erachtens die Verarbeitung Ihrer personenbezogenen Daten gegen \u00f6sterreichisches oder europ\u00e4isches Datenschutzrecht, so kontaktieren Sie uns bitte, um allf\u00e4llige Fragen aufkl\u00e4ren zu k\u00f6nnen. Selbstverst\u00e4ndlich haben Sie das Recht, sich bei der \u00f6sterreichischen Datenschutzbeh\u00f6rde oder bei einer Aufsichtsbeh\u00f6rde innerhalb der EU, zu beschweren.<\/p>\n\n\n\n<p><strong>8. Best\u00e4tigung der Identit\u00e4t:<\/strong><br>Zum Schutz Ihrer Rechte und Ihrer Privatsph\u00e4re sind wir berechtigt, im Zweifel einen Identit\u00e4tsnachweis anzufordern.<\/p>\n\n\n\n<p><strong>9. Rechtebeanspruchung \u00fcber Geb\u00fchr:<\/strong><br>Wenn Sie eines der genannten Rechte offenkundig unbegr\u00fcndet oder besonders h\u00e4ufig einfordern, sind wir berechtigt ein angemessenes Bearbeitungsentgelt zu verlangen oder die Bearbeitung des Antrags abzulehnen.<\/p>\n\n\n\n<p><strong>10. Mitwirkung:<\/strong><br>Im Rahmen von Mitwirkungspflichten sind wir verpflichtet, Daten entsprechend den gesetzlichen Bestimmungen (z.B. BAO, Meldegesetz, ZPO, StPO, \u2026) auf Anforderung herauszugeben.<\/p>\n\n\n\n<p><strong>11. Geltungsdauer:<\/strong><br>Diese Datenschutzerkl\u00e4rung gilt ab 25. Mai 2018 und ersetzt die bestehenden Datenschutzbe\u00adstimmungen.<\/p>","protected":false},"excerpt":{"rendered":"<p>DATENSCHUTZERKL\u00c4RUNG Apart Bella Nova, Kleinheinz Christine, Silvrettastra\u00dfe 61Sitz: Mathon, UID ATU59571555 Wir verwenden folgende Daten, wenn Sie mit uns einen Vertrag abschlie\u00dfen Stammdaten: Familien- und Vorname, vollst\u00e4ndige Adresse, s\u00e4mtliche Kontaktinformationen (z.B. E-Mail-Adresse, Telefonnummer), Informationen \u00fcber Art und Inhalt unseres Vertragsverh\u00e4ltnisses. Sonstige personenbezogene Daten, welche Sie oder Dritte uns mit Ihrem<\/p>","protected":false},"author":1,"featured_media":0,"parent":0,"menu_order":0,"comment_status":"closed","ping_status":"open","template":"","meta":{"footnotes":""},"class_list":["post-3","page","type-page","status-publish","hentry"],"_links":{"self":[{"href":"http:\/\/www.bellanova.at\/en\/wp-json\/wp\/v2\/pages\/3","targetHints":{"allow":["GET"]}}],"collection":[{"href":"http:\/\/www.bellanova.at\/en\/wp-json\/wp\/v2\/pages"}],"about":[{"href":"http:\/\/www.bellanova.at\/en\/wp-json\/wp\/v2\/types\/page"}],"author":[{"embeddable":true,"href":"http:\/\/www.bellanova.at\/en\/wp-json\/wp\/v2\/users\/1"}],"replies":[{"embeddable":true,"href":"http:\/\/www.bellanova.at\/en\/wp-json\/wp\/v2\/comments?post=3"}],"version-history":[{"count":2,"href":"http:\/\/www.bellanova.at\/en\/wp-json\/wp\/v2\/pages\/3\/revisions"}],"predecessor-version":[{"id":331,"href":"http:\/\/www.bellanova.at\/en\/wp-json\/wp\/v2\/pages\/3\/revisions\/331"}],"wp:attachment":[{"href":"http:\/\/www.bellanova.at\/en\/wp-json\/wp\/v2\/media?parent=3"}],"curies":[{"name":"wp","href":"https:\/\/api.w.org\/{rel}","templated":true}]}}