{"id":186,"date":"2020-05-04T19:23:28","date_gmt":"2020-05-04T17:23:28","guid":{"rendered":"http:\/\/www.bellanova.at\/?page_id=186"},"modified":"2025-07-07T19:27:31","modified_gmt":"2025-07-07T17:27:31","slug":"wohnung-1-fur-2-personen","status":"publish","type":"page","link":"http:\/\/www.bellanova.at\/en\/wohnung-1-fur-2-personen\/","title":{"rendered":"Apartment Nr. 1 for 2 persons"},"content":{"rendered":"<div class=\"wp-block-themeisle-blocks-advanced-columns has-1-columns has-desktop-equal-layout has-tablet-equal-layout has-mobile-equal-layout has-default-gap has-vertical-unset\" id=\"wp-block-themeisle-blocks-advanced-columns-f3c4bf5c\"><div class=\"wp-block-themeisle-blocks-advanced-columns-overlay\"><\/div><div class=\"innerblocks-wrap\">\n\n<div class=\"wp-block-themeisle-blocks-advanced-column\" id=\"wp-block-themeisle-blocks-advanced-column-e95ccf9e\"><\/div>\n\n<\/div><\/div>\n\n\n\n<figure class=\"wp-block-image size-large\"><img loading=\"lazy\" decoding=\"async\" width=\"1024\" height=\"683\" src=\"http:\/\/www.bellanova.at\/wp-content\/uploads\/2020\/05\/DSC_6637-1024x683.jpg\" alt=\"\" class=\"wp-image-278\" srcset=\"https:\/\/www.bellanova.at\/wp-content\/uploads\/2020\/05\/DSC_6637-1024x683.jpg 1024w, https:\/\/www.bellanova.at\/wp-content\/uploads\/2020\/05\/DSC_6637-300x200.jpg 300w, https:\/\/www.bellanova.at\/wp-content\/uploads\/2020\/05\/DSC_6637-768x512.jpg 768w, https:\/\/www.bellanova.at\/wp-content\/uploads\/2020\/05\/DSC_6637-1536x1024.jpg 1536w, https:\/\/www.bellanova.at\/wp-content\/uploads\/2020\/05\/DSC_6637-2048x1365.jpg 2048w, https:\/\/www.bellanova.at\/wp-content\/uploads\/2020\/05\/DSC_6637-360x240.jpg 360w\" sizes=\"auto, (max-width: 1024px) 100vw, 1024px\" \/><figcaption class=\"wp-element-caption\">Kitchen<\/figcaption><\/figure>\n\n\n\n<h2 class=\"wp-block-heading\">EQUIPMENT<\/h2>\n\n\n\n<ul class=\"wp-block-list\">\n<li>Shower and toilet<\/li>\n\n\n\n<li>Digital SAT-TV<\/li>\n\n\n\n<li>Hair dryer<\/li>\n\n\n\n<li>Radio\/wake-up device<\/li>\n\n\n\n<li>Balcony<\/li>\n\n\n\n<li>Safe<\/li>\n\n\n\n<li>Dishwasher<\/li>\n\n\n\n<li>4-ring stove<\/li>\n\n\n\n<li>Coffee machine<\/li>\n\n\n\n<li>Micro wave<\/li>\n<\/ul>\n\n\n\n<figure class=\"wp-block-image size-large\"><img loading=\"lazy\" decoding=\"async\" width=\"1024\" height=\"683\" src=\"http:\/\/www.bellanova.at\/wp-content\/uploads\/2020\/05\/DSC_6640-1024x683.jpg\" alt=\"\" class=\"wp-image-279\" srcset=\"https:\/\/www.bellanova.at\/wp-content\/uploads\/2020\/05\/DSC_6640-1024x683.jpg 1024w, https:\/\/www.bellanova.at\/wp-content\/uploads\/2020\/05\/DSC_6640-300x200.jpg 300w, https:\/\/www.bellanova.at\/wp-content\/uploads\/2020\/05\/DSC_6640-768x512.jpg 768w, https:\/\/www.bellanova.at\/wp-content\/uploads\/2020\/05\/DSC_6640-1536x1024.jpg 1536w, https:\/\/www.bellanova.at\/wp-content\/uploads\/2020\/05\/DSC_6640-2048x1365.jpg 2048w, https:\/\/www.bellanova.at\/wp-content\/uploads\/2020\/05\/DSC_6640-360x240.jpg 360w\" sizes=\"auto, (max-width: 1024px) 100vw, 1024px\" \/><figcaption class=\"wp-element-caption\">Bedroom<\/figcaption><\/figure>\n\n\n\n<figure class=\"wp-block-image size-large\"><img loading=\"lazy\" decoding=\"async\" width=\"1024\" height=\"683\" src=\"http:\/\/www.bellanova.at\/wp-content\/uploads\/2020\/05\/DSC_6644-1024x683.jpg\" alt=\"\" class=\"wp-image-280\" srcset=\"https:\/\/www.bellanova.at\/wp-content\/uploads\/2020\/05\/DSC_6644-1024x683.jpg 1024w, https:\/\/www.bellanova.at\/wp-content\/uploads\/2020\/05\/DSC_6644-300x200.jpg 300w, https:\/\/www.bellanova.at\/wp-content\/uploads\/2020\/05\/DSC_6644-768x512.jpg 768w, https:\/\/www.bellanova.at\/wp-content\/uploads\/2020\/05\/DSC_6644-1536x1024.jpg 1536w, https:\/\/www.bellanova.at\/wp-content\/uploads\/2020\/05\/DSC_6644-2048x1365.jpg 2048w, https:\/\/www.bellanova.at\/wp-content\/uploads\/2020\/05\/DSC_6644-360x240.jpg 360w\" sizes=\"auto, (max-width: 1024px) 100vw, 1024px\" \/><figcaption class=\"wp-element-caption\">Shower\/toilet<\/figcaption><\/figure>\n\n\n\n<h2 class=\"wp-block-heading\">Generel<\/h2>\n\n\n\n<p>Prices are valid for a minimum stay of 6 days for short stays Surcharges will be added.<br><br>The Rules and Regulations of the Austrian Hotel Assocition apply. <br>(= Austrian hotel contract conditions)<br><strong>Rates include bed linen and towels!<\/strong><br><br><strong>Check in: <\/strong>from 02.00 a.m.<br><strong>Check out:<\/strong> until 09.00 a.m.<\/p>\n\n\n\n<h2 class=\"wp-block-heading\">Floor plan<\/h2>\n\n\n\n<figure class=\"wp-block-image size-large\"><img loading=\"lazy\" decoding=\"async\" width=\"500\" height=\"482\" src=\"http:\/\/www.bellanova.at\/wp-content\/uploads\/2020\/05\/bellanova_wohnung1.jpg\" alt=\"\" class=\"wp-image-275\" srcset=\"https:\/\/www.bellanova.at\/wp-content\/uploads\/2020\/05\/bellanova_wohnung1.jpg 500w, https:\/\/www.bellanova.at\/wp-content\/uploads\/2020\/05\/bellanova_wohnung1-300x289.jpg 300w\" sizes=\"auto, (max-width: 500px) 100vw, 500px\" \/><figcaption class=\"wp-element-caption\">(27 sqm) 1st floor, north-east&nbsp;<\/figcaption><\/figure>\n\n\n\n<p><\/p>\n\n\n\n<div id=\"accordions-408\" class=\"accordions-408 accordions\" data-accordions=\"{&quot;lazyLoad&quot;:true,&quot;id&quot;:&quot;408&quot;,&quot;event&quot;:&quot;click&quot;,&quot;collapsible&quot;:&quot;true&quot;,&quot;heightStyle&quot;:&quot;content&quot;,&quot;animateStyle&quot;:&quot;swing&quot;,&quot;animateDelay&quot;:1000,&quot;navigation&quot;:true,&quot;active&quot;:999,&quot;expandedOther&quot;:&quot;no&quot;}\">\r\n                <div id=\"accordions-lazy-408\" class=\"accordions-lazy\" accordionsid=\"408\">\r\n                    <\/div>\r\n\r\n    <div class=\"items\"  style=\"display:none\" >\r\n    \r\n            <div post_id=\"408\" itemcount=\"0\"  header_id=\"header-1600534999113\" id=\"header-1600534999113\" style=\"\" class=\"accordions-head head1600534999113 border-none\" toggle-text=\"\" main-text=\"Stornobedingungen Apart Bella Nova Winter\">\r\n                                    <span id=\"accordion-icons-1600534999113\" class=\"accordion-icons\">\r\n                        <span class=\"accordion-icon-active accordion-plus\"><i class=\"fas fa-chevron-up\"><\/i><\/span>\r\n                        <span class=\"accordion-icon-inactive accordion-minus\"><i class=\"fas fa-chevron-right\"><\/i><\/span>\r\n                    <\/span>\r\n                    <span id=\"header-text-1600534999113\" class=\"accordions-head-title\">Terms of cancellation at the Apart Bella Nova<\/span>\r\n                            <\/div>\r\n            <div class=\"accordion-content content1600534999113\">\r\n                <p>Please note that cancellations can only be accepted in writing (paper or digital by email).<\/p>\n<ul>\n<li>Direct bookings can be cancelled free of charge up to 3 months before your planned arrival date.<\/li>\n<li>If you cancel up to 30 days before your arrival date, your deposit will be retained.<\/li>\n<li>In the event of a cancellation between 330 and 7 days before the arrival date, we will charge 70% of the total package price.<\/li>\n<li>In the event of a cancellation during the last 7 days before the planned arrival date, we will charge 90% of the total package price as a cancellation fee.<\/li>\n<li>In the event of a no-show or early departure, we will charge the full cost of the booked package.<\/li>\n<\/ul>\n<p>Wir empfehlen Ihnen den Abschluss einer Reiseversicherung. Weitere Informationen finden Sie hier: <a href=\"https:\/\/www.europaeische.at\/service\/reisemagazin\/artikel\/information-zum-neuartigen-coronavirus-covid-19-und-zur-stornoversicherung\/\">https:\/\/www.europaeische.at\/service\/reisemagazin\/artikel\/information-zum-neuartigen-coronavirus-covid-19-und-zur-stornoversicherung\/<\/a><\/p>\n            <\/div>\r\n    <\/div>\r\n\r\n\r\n\r\n            <\/div>\n\n\n\n<figure class=\"wp-block-table\"><table><tbody><tr><td><strong>Prices in Euro per apartment and day<\/strong><\/td><td><\/td><\/tr><tr><td><strong>Ski Classic<\/strong><br>26.11.-20.12.2025<br>03.01.-17.01.2026<br>04.04.-04.05.2026<\/td><td>96,00<\/td><\/tr><tr><td><strong>Ski Magic<\/strong><br>20.12.-03.01.2026<br>17.01.-04.04.2026<\/td><td>102,00<\/td><\/tr><\/tbody><\/table><figcaption class=\"wp-element-caption\">Endreinigung: Euro 40,00, alle Preise exklusiv Kurtaxe<\/figcaption><\/figure>\n\n\n\n<p><\/p>\n\n\n\n<div class=\"wp-block-buttons is-layout-flex wp-block-buttons-is-layout-flex\">\n<div class=\"wp-block-button\"><a class=\"wp-block-button__link has-white-color has-accent-background-color has-text-color has-background wp-element-button\" href=\"http:\/\/www.bellanova.at\/en\/anfrage\/\">Non binding inquiry<\/a><\/div>\n<\/div>\n\n\n\n<p><\/p>","protected":false},"excerpt":{"rendered":"<p>Ausstattung Allgemein Preise gelten bei einem Aufenthalt von mind. 6 Tagen bei kurzen Aufenthalten werden Zuschl\u00e4ge verrechnet. Es gelten die allgemeinen \u00f6sterreichischen Gesch\u00e4ftsbedingungen (= \u00f6sterreichische Hotelvertragsbedingungen)Alle Preise inklusive Bettw\u00e4sche und Handt\u00fccher! Check in: ab 14.00 UhrCheck out: bis 09.00 Uhr Grundriss Preise in Euro pro Wohnung und Tag Ski Classic26.11.-20.12.202503.01.-17.01.202604.04.-04.05.2026<\/p>","protected":false},"author":1,"featured_media":0,"parent":0,"menu_order":0,"comment_status":"closed","ping_status":"closed","template":"","meta":{"footnotes":""},"class_list":["post-186","page","type-page","status-publish","hentry"],"_links":{"self":[{"href":"http:\/\/www.bellanova.at\/en\/wp-json\/wp\/v2\/pages\/186","targetHints":{"allow":["GET"]}}],"collection":[{"href":"http:\/\/www.bellanova.at\/en\/wp-json\/wp\/v2\/pages"}],"about":[{"href":"http:\/\/www.bellanova.at\/en\/wp-json\/wp\/v2\/types\/page"}],"author":[{"embeddable":true,"href":"http:\/\/www.bellanova.at\/en\/wp-json\/wp\/v2\/users\/1"}],"replies":[{"embeddable":true,"href":"http:\/\/www.bellanova.at\/en\/wp-json\/wp\/v2\/comments?post=186"}],"version-history":[{"count":23,"href":"http:\/\/www.bellanova.at\/en\/wp-json\/wp\/v2\/pages\/186\/revisions"}],"predecessor-version":[{"id":638,"href":"http:\/\/www.bellanova.at\/en\/wp-json\/wp\/v2\/pages\/186\/revisions\/638"}],"wp:attachment":[{"href":"http:\/\/www.bellanova.at\/en\/wp-json\/wp\/v2\/media?parent=186"}],"curies":[{"name":"wp","href":"https:\/\/api.w.org\/{rel}","templated":true}]}}